{"id":9,"date":"2023-10-16T14:37:10","date_gmt":"2023-10-16T14:37:10","guid":{"rendered":"https:\/\/bufetemendezyasociados.com\/?page_id=9"},"modified":"2023-10-26T14:34:00","modified_gmt":"2023-10-26T14:34:00","slug":"quienes-somos","status":"publish","type":"page","link":"https:\/\/bufetemendezyasociados.com\/index.php\/quienes-somos\/","title":{"rendered":"\u00bfQui\u00e9nes somos?"},"content":{"rendered":"<div>\n<p>\u00a1Bienvenidos a Bufete M\u00e9ndez!<br \/>\nDesde 1993 brindamos servicios legales por medio de nuestros notarios y abogados en Costa Rica. Nuestra trayectoria nos ha consolidado como un referente en el campo legal, respaldado por una s\u00f3lida experiencia y un equipo de profesionales altamente capacitados.<br \/>\nEn Bufete M\u00e9ndez contamos con un grupo de asesores legales, especializados en diversas ramas del derecho.<\/p>\n<p>Nuestros expertos legales no s\u00f3lo tienen una amplia experiencia en la pr\u00e1ctica, sino que tambi\u00e9n han contribuido a la academia universitaria y a la redacci\u00f3n de textos que se han convertido en leyes de la Rep\u00fablica de Costa Rica.<br \/>\nNos enorgullece haber representado a numerosos clientes personales y a prestigiosas empresas e instituciones del pa\u00eds, brind\u00e1ndoles asesor\u00eda legal confiable y resultados efectivos.<\/p>\n<p>Nuestro equipo est\u00e1 compuesto por expertos en \u00e1reas como notariado p\u00fablico, derecho laboral, civil, mercantil, familiar y agrario, entre otros. Esto nos permite brindar un enfoque integral y soluciones adaptadas a las necesidades espec\u00edficas de cada caso.<br \/>\nEn Bufete M\u00e9ndez, la experiencia, conocimiento y compromiso con nuestros clientes nos distinguen. Estamos aqu\u00ed para ayudarles.<\/p>\n<p>Contamos con oficinas en Gu\u00e1piles, 125 m. norte de Cl\u00ednica Caribe, y en San Jos\u00e9, Barrio Dent, 200 m. norte y 25 m. este del Centro Cultural Norteamericano.<\/p>\n<p>\u00a1Cont\u00e1ctenos!<\/p>\n<\/div>\n<div><\/div>\n<div><\/div>\n<div><\/div>\n<div><\/div>\n<div><\/div>\n<div><\/div>\n<div><\/div>\n<div><\/div>\n<div><\/div>\n<div><\/div>\n<div><\/div>\n<div><\/div>\n<div><\/div>\n<div><\/div>\n<div><\/div>\n<div><\/div>\n<div><\/div>\n<div><\/div>\n<div><\/div>\n<div><\/div>\n<div><\/div>\n<div><\/div>\n<div><\/div>\n<div>\n<ul>\n<li><strong>Oficina: <a href=\"https:\/\/bufetemendezyasociados.com\/#\">+(506) 2710 2893<\/a><\/strong><\/li>\n<li><strong>whatsapp<\/strong>: <a href=\"https:\/\/wa.me\/50684012803\">50684012803<\/a><\/li>\n<li><strong>E-mail: \u00a0<span class=\"title\">bm@bufetemendezyasociados.com\u00a0<\/span><\/strong><\/li>\n<\/ul>\n\n<div class=\"wpcf7 no-js\" id=\"wpcf7-f206-o1\" lang=\"es-ES\" dir=\"ltr\" data-wpcf7-id=\"206\">\n<div class=\"screen-reader-response\"><p role=\"status\" aria-live=\"polite\" aria-atomic=\"true\"><\/p> <ul><\/ul><\/div>\n<form action=\"\/index.php\/wp-json\/wp\/v2\/pages\/9#wpcf7-f206-o1\" method=\"post\" class=\"wpcf7-form init\" aria-label=\"Formulario de contacto\" novalidate=\"novalidate\" data-status=\"init\">\n<fieldset class=\"hidden-fields-container\"><input type=\"hidden\" name=\"_wpcf7\" value=\"206\" \/><input type=\"hidden\" name=\"_wpcf7_version\" value=\"6.1.5\" \/><input type=\"hidden\" name=\"_wpcf7_locale\" value=\"es_ES\" \/><input type=\"hidden\" name=\"_wpcf7_unit_tag\" value=\"wpcf7-f206-o1\" \/><input type=\"hidden\" name=\"_wpcf7_container_post\" value=\"0\" \/><input type=\"hidden\" name=\"_wpcf7_posted_data_hash\" value=\"\" \/><input type=\"hidden\" name=\"_wpcf7_recaptcha_response\" value=\"\" \/>\n<\/fieldset>\n<p><label> Tu nombre<br \/>\n<span class=\"wpcf7-form-control-wrap\" data-name=\"your-name\"><input size=\"40\" maxlength=\"400\" class=\"wpcf7-form-control wpcf7-text wpcf7-validates-as-required\" autocomplete=\"name\" aria-required=\"true\" aria-invalid=\"false\" value=\"\" type=\"text\" name=\"your-name\" \/><\/span> <\/label>\n<\/p>\n<p><label> Tu correo electr\u00f3nico<br \/>\n<span class=\"wpcf7-form-control-wrap\" data-name=\"your-email\"><input size=\"40\" maxlength=\"400\" class=\"wpcf7-form-control wpcf7-email wpcf7-validates-as-required wpcf7-text wpcf7-validates-as-email\" autocomplete=\"email\" aria-required=\"true\" aria-invalid=\"false\" value=\"\" type=\"email\" name=\"your-email\" \/><\/span> <\/label>\n<\/p>\n<p><label> Asunto<br \/>\n<span class=\"wpcf7-form-control-wrap\" data-name=\"your-subject\"><input size=\"40\" maxlength=\"400\" class=\"wpcf7-form-control wpcf7-text wpcf7-validates-as-required\" aria-required=\"true\" aria-invalid=\"false\" value=\"\" type=\"text\" name=\"your-subject\" \/><\/span> <\/label>\n<\/p>\n<p><label> Tu mensaje (opcional)<br \/>\n<span class=\"wpcf7-form-control-wrap\" data-name=\"your-message\"><textarea cols=\"40\" rows=\"10\" maxlength=\"2000\" class=\"wpcf7-form-control wpcf7-textarea\" aria-invalid=\"false\" name=\"your-message\"><\/textarea><\/span> <\/label>\n<\/p>\n<p><input class=\"wpcf7-form-control wpcf7-submit has-spinner\" type=\"submit\" value=\"Enviar\" \/>\n<\/p><p style=\"display: none !important;\" class=\"akismet-fields-container\" data-prefix=\"_wpcf7_ak_\"><label>&#916;<textarea name=\"_wpcf7_ak_hp_textarea\" cols=\"45\" rows=\"8\" maxlength=\"100\"><\/textarea><\/label><input type=\"hidden\" id=\"ak_js_1\" name=\"_wpcf7_ak_js\" value=\"37\"\/><script>document.getElementById( \"ak_js_1\" ).setAttribute( \"value\", ( new Date() ).getTime() );<\/script><\/p><div class=\"wpcf7-response-output\" aria-hidden=\"true\"><\/div>\n<\/form>\n<\/div>\n\n<\/div>\n","protected":false},"excerpt":{"rendered":"<p>\u00a1Bienvenidos a Bufete M\u00e9ndez! Desde 1993 brindamos servicios legales por medio de nuestros notarios y abogados en Costa Rica. Nuestra trayectoria nos ha consolidado como un referente en el campo legal, respaldado por una s\u00f3lida experiencia y un equipo de profesionales altamente capacitados. En Bufete M\u00e9ndez contamos con un grupo de asesores legales, especializados en [&hellip;]<\/p>\n","protected":false},"author":1,"featured_media":0,"parent":0,"menu_order":0,"comment_status":"closed","ping_status":"closed","template":"","meta":{"footnotes":""},"class_list":["post-9","page","type-page","status-publish","hentry"],"_links":{"self":[{"href":"https:\/\/bufetemendezyasociados.com\/index.php\/wp-json\/wp\/v2\/pages\/9","targetHints":{"allow":["GET"]}}],"collection":[{"href":"https:\/\/bufetemendezyasociados.com\/index.php\/wp-json\/wp\/v2\/pages"}],"about":[{"href":"https:\/\/bufetemendezyasociados.com\/index.php\/wp-json\/wp\/v2\/types\/page"}],"author":[{"embeddable":true,"href":"https:\/\/bufetemendezyasociados.com\/index.php\/wp-json\/wp\/v2\/users\/1"}],"replies":[{"embeddable":true,"href":"https:\/\/bufetemendezyasociados.com\/index.php\/wp-json\/wp\/v2\/comments?post=9"}],"version-history":[{"count":16,"href":"https:\/\/bufetemendezyasociados.com\/index.php\/wp-json\/wp\/v2\/pages\/9\/revisions"}],"predecessor-version":[{"id":213,"href":"https:\/\/bufetemendezyasociados.com\/index.php\/wp-json\/wp\/v2\/pages\/9\/revisions\/213"}],"wp:attachment":[{"href":"https:\/\/bufetemendezyasociados.com\/index.php\/wp-json\/wp\/v2\/media?parent=9"}],"curies":[{"name":"wp","href":"https:\/\/api.w.org\/{rel}","templated":true}]}}