{"id":11,"date":"2023-10-16T14:37:30","date_gmt":"2023-10-16T14:37:30","guid":{"rendered":"https:\/\/bufetemendezyasociados.com\/?page_id=11"},"modified":"2023-10-26T14:33:26","modified_gmt":"2023-10-26T14:33:26","slug":"que-hacemos","status":"publish","type":"page","link":"https:\/\/bufetemendezyasociados.com\/index.php\/que-hacemos\/","title":{"rendered":"\u00bfQu\u00e9 hacemos?"},"content":{"rendered":"<p style=\"font-weight: 400;\"><strong>\u00bfQu\u00e9 hacemos?<\/strong><\/p>\n<ul>\n<li style=\"font-weight: 400;\">Escrituras p\u00fablicas.<\/li>\n<li style=\"font-weight: 400;\">Certificaciones.<\/li>\n<li style=\"font-weight: 400;\">Testamentos.<\/li>\n<li style=\"font-weight: 400;\">Poderes notariales.<\/li>\n<li style=\"font-weight: 400;\">Declaraciones juradas.<\/li>\n<li style=\"font-weight: 400;\">Protocolizaci\u00f3n de documentos.<\/li>\n<li style=\"font-weight: 400;\">Legalizaci\u00f3n de firmas.<\/li>\n<li style=\"font-weight: 400;\">Autorizaciones.<\/li>\n<li style=\"font-weight: 400;\">Constituci\u00f3n de empresas.<\/li>\n<li style=\"font-weight: 400;\">Compraventa de bienes inmuebles.<\/li>\n<li style=\"font-weight: 400;\">Hipotecas y pr\u00e9stamos.<\/li>\n<li style=\"font-weight: 400;\">Sucesiones.<\/li>\n<li style=\"font-weight: 400;\">Divorcios y separaciones.<\/li>\n<li style=\"font-weight: 400;\">Donaciones.<\/li>\n<li style=\"font-weight: 400;\">Mandatos y representaciones.<\/li>\n<li style=\"font-weight: 400;\">Actas y constancias notariales.<\/li>\n<li style=\"font-weight: 400;\">Fe de vida y estado<\/li>\n<li style=\"font-weight: 400;\">Asesoramiento legal..<\/li>\n<\/ul>\n<ul>\n<li><strong>Oficina: <a href=\"https:\/\/bufetemendezyasociados.com\/#\">+(506) 2710 2893<\/a><\/strong><\/li>\n<li><strong>whatsapp<\/strong>: <a href=\"https:\/\/wa.me\/50684012803\">50684012803<\/a><\/li>\n<li><strong>E-mail: \u00a0<span class=\"title\">bm@bufetemendezyasociados.com\u00a0<\/span><\/strong><\/li>\n<\/ul>\n\n<div class=\"wpcf7 no-js\" id=\"wpcf7-f206-o1\" lang=\"es-ES\" dir=\"ltr\" data-wpcf7-id=\"206\">\n<div class=\"screen-reader-response\"><p role=\"status\" aria-live=\"polite\" aria-atomic=\"true\"><\/p> <ul><\/ul><\/div>\n<form action=\"\/index.php\/wp-json\/wp\/v2\/pages\/11#wpcf7-f206-o1\" method=\"post\" class=\"wpcf7-form init\" aria-label=\"Formulario de contacto\" novalidate=\"novalidate\" data-status=\"init\">\n<fieldset class=\"hidden-fields-container\"><input type=\"hidden\" name=\"_wpcf7\" value=\"206\" \/><input type=\"hidden\" name=\"_wpcf7_version\" value=\"6.1.5\" \/><input type=\"hidden\" name=\"_wpcf7_locale\" value=\"es_ES\" \/><input type=\"hidden\" name=\"_wpcf7_unit_tag\" value=\"wpcf7-f206-o1\" \/><input type=\"hidden\" name=\"_wpcf7_container_post\" value=\"0\" \/><input type=\"hidden\" name=\"_wpcf7_posted_data_hash\" value=\"\" \/><input type=\"hidden\" name=\"_wpcf7_recaptcha_response\" value=\"\" \/>\n<\/fieldset>\n<p><label> Tu nombre<br \/>\n<span class=\"wpcf7-form-control-wrap\" data-name=\"your-name\"><input size=\"40\" maxlength=\"400\" class=\"wpcf7-form-control wpcf7-text wpcf7-validates-as-required\" autocomplete=\"name\" aria-required=\"true\" aria-invalid=\"false\" value=\"\" type=\"text\" name=\"your-name\" \/><\/span> <\/label>\n<\/p>\n<p><label> Tu correo electr\u00f3nico<br \/>\n<span class=\"wpcf7-form-control-wrap\" data-name=\"your-email\"><input size=\"40\" maxlength=\"400\" class=\"wpcf7-form-control wpcf7-email wpcf7-validates-as-required wpcf7-text wpcf7-validates-as-email\" autocomplete=\"email\" aria-required=\"true\" aria-invalid=\"false\" value=\"\" type=\"email\" name=\"your-email\" \/><\/span> <\/label>\n<\/p>\n<p><label> Asunto<br \/>\n<span class=\"wpcf7-form-control-wrap\" data-name=\"your-subject\"><input size=\"40\" maxlength=\"400\" class=\"wpcf7-form-control wpcf7-text wpcf7-validates-as-required\" aria-required=\"true\" aria-invalid=\"false\" value=\"\" type=\"text\" name=\"your-subject\" \/><\/span> <\/label>\n<\/p>\n<p><label> Tu mensaje (opcional)<br \/>\n<span class=\"wpcf7-form-control-wrap\" data-name=\"your-message\"><textarea cols=\"40\" rows=\"10\" maxlength=\"2000\" class=\"wpcf7-form-control wpcf7-textarea\" aria-invalid=\"false\" name=\"your-message\"><\/textarea><\/span> <\/label>\n<\/p>\n<p><input class=\"wpcf7-form-control wpcf7-submit has-spinner\" type=\"submit\" value=\"Enviar\" \/>\n<\/p><p style=\"display: none !important;\" class=\"akismet-fields-container\" data-prefix=\"_wpcf7_ak_\"><label>&#916;<textarea name=\"_wpcf7_ak_hp_textarea\" cols=\"45\" rows=\"8\" maxlength=\"100\"><\/textarea><\/label><input type=\"hidden\" id=\"ak_js_1\" name=\"_wpcf7_ak_js\" value=\"172\"\/><script type=\"text\/javascript\">\n\/* <![CDATA[ *\/\ndocument.getElementById( \"ak_js_1\" ).setAttribute( \"value\", ( new Date() ).getTime() );\n\/* ]]> *\/\n<\/script>\n<\/p><div class=\"wpcf7-response-output\" aria-hidden=\"true\"><\/div>\n<\/form>\n<\/div>\n\n<p>&nbsp;<\/p>\n","protected":false},"excerpt":{"rendered":"<p>\u00bfQu\u00e9 hacemos? Escrituras p\u00fablicas. Certificaciones. Testamentos. Poderes notariales. Declaraciones juradas. Protocolizaci\u00f3n de documentos. Legalizaci\u00f3n de firmas. Autorizaciones. Constituci\u00f3n de empresas. Compraventa de bienes inmuebles. Hipotecas y pr\u00e9stamos. Sucesiones. Divorcios y separaciones. Donaciones. Mandatos y representaciones. Actas y constancias notariales. Fe de vida y estado Asesoramiento legal.. Oficina: +(506) 2710 2893 whatsapp: 50684012803 E-mail: \u00a0bm@bufetemendezyasociados.com\u00a0 &nbsp;<\/p>\n","protected":false},"author":1,"featured_media":0,"parent":0,"menu_order":0,"comment_status":"closed","ping_status":"closed","template":"","meta":{"footnotes":""},"class_list":["post-11","page","type-page","status-publish","hentry"],"_links":{"self":[{"href":"https:\/\/bufetemendezyasociados.com\/index.php\/wp-json\/wp\/v2\/pages\/11","targetHints":{"allow":["GET"]}}],"collection":[{"href":"https:\/\/bufetemendezyasociados.com\/index.php\/wp-json\/wp\/v2\/pages"}],"about":[{"href":"https:\/\/bufetemendezyasociados.com\/index.php\/wp-json\/wp\/v2\/types\/page"}],"author":[{"embeddable":true,"href":"https:\/\/bufetemendezyasociados.com\/index.php\/wp-json\/wp\/v2\/users\/1"}],"replies":[{"embeddable":true,"href":"https:\/\/bufetemendezyasociados.com\/index.php\/wp-json\/wp\/v2\/comments?post=11"}],"version-history":[{"count":7,"href":"https:\/\/bufetemendezyasociados.com\/index.php\/wp-json\/wp\/v2\/pages\/11\/revisions"}],"predecessor-version":[{"id":210,"href":"https:\/\/bufetemendezyasociados.com\/index.php\/wp-json\/wp\/v2\/pages\/11\/revisions\/210"}],"wp:attachment":[{"href":"https:\/\/bufetemendezyasociados.com\/index.php\/wp-json\/wp\/v2\/media?parent=11"}],"curies":[{"name":"wp","href":"https:\/\/api.w.org\/{rel}","templated":true}]}}